{"id":20,"date":"2013-11-15T04:02:37","date_gmt":"2013-11-15T04:02:37","guid":{"rendered":"http:\/\/www.usedomferienhaus24.de\/?page_id=20"},"modified":"2025-05-22T02:44:22","modified_gmt":"2025-05-22T02:44:22","slug":"das-haus","status":"publish","type":"page","link":"https:\/\/ufh24.tytschkowski-webdesign.de\/?page_id=20","title":{"rendered":"Das Haus"},"content":{"rendered":"\n<p>FERIENBUNGALOW **Skanepark Zinnowitz Insel USEDOM*<br>SKANEPARK Kiefernweg 11<br>17454 Zinnowitz (Seebad)<br>Hus Erika<br>(50 m\u00b2, 5 Personen)<\/p>\n\n\n\n<p>Der Bungalow verf\u00fcgt \u00fcber 2 seperate Schlafzimmer. Im Wohnbereich befindet sich eine K\u00fcchenzeile, ein Esstisch und Sitzm\u00f6glichkeiten, ein Kamin und ein TV mit Kabelanschlu\u00df. Vom Wohnbereich gelangen Sie auf eine gro\u00dfe m\u00f6blierte Terrasse. Der Bungalow befindet sich in ruhiger Lag in einer Ferienanlage, in der sich auch ein Kinderspielplatz befindet.<\/p>\n\n\n\n<p><strong>Ausstattung der Zimmer:<\/strong><\/p>\n\n\n\n<p>1 Schlafzimmer mit Schrank &amp; Doppelbett<br>1 G\u00e4stezimmer mit Schrank &amp; 1 Doppelstockbett + 1 Einzelbett<br>1 gro\u00dfer Wohnraum mit K\u00fcchenzeile<br>1 Terrasse mit Tisch, Sitzbank und St\u00fchlen<br>1 Dusche + 1 WC<br>1 PKW-Stellplatz<br>1 Kinderreisebett und Hochstuhl<\/p>\n\n\n\n<p><strong>weitere Ausstattungsmerkmale:<\/strong><\/p>\n\n\n\n<p>K\u00fcche:<br>Wasserkocher, Backofen,&nbsp; Geschirr + Besteck, Gl\u00e4ser, Kaffeemaschine, Toaster, K\u00fchlschrank,<\/p>\n\n\n\n<p>Sonstige:<br>Kamin,Staubsauger, TV + Kabel, CD\/DVD Player<\/p>\n","protected":false},"excerpt":{"rendered":"<p>FERIENBUNGALOW **Skanepark Zinnowitz Insel USEDOM*SKANEPARK Kiefernweg 1117454 Zinnowitz (Seebad)Hus Erika(50 m\u00b2, 5 Personen) Der Bungalow verf\u00fcgt \u00fcber 2 seperate Schlafzimmer. Im Wohnbereich befindet sich eine K\u00fcchenzeile, ein Esstisch und Sitzm\u00f6glichkeiten, ein Kamin und ein TV mit Kabelanschlu\u00df. Vom Wohnbereich gelangen &hellip; <a href=\"https:\/\/ufh24.tytschkowski-webdesign.de\/?page_id=20\">Weiter<\/a><\/p>\n","protected":false},"author":1,"featured_media":0,"parent":0,"menu_order":3,"comment_status":"closed","ping_status":"closed","template":"","meta":{"ngg_post_thumbnail":0,"footnotes":""},"class_list":["post-20","page","type-page","status-publish","hentry"],"_links":{"self":[{"href":"https:\/\/ufh24.tytschkowski-webdesign.de\/index.php?rest_route=\/wp\/v2\/pages\/20","targetHints":{"allow":["GET"]}}],"collection":[{"href":"https:\/\/ufh24.tytschkowski-webdesign.de\/index.php?rest_route=\/wp\/v2\/pages"}],"about":[{"href":"https:\/\/ufh24.tytschkowski-webdesign.de\/index.php?rest_route=\/wp\/v2\/types\/page"}],"author":[{"embeddable":true,"href":"https:\/\/ufh24.tytschkowski-webdesign.de\/index.php?rest_route=\/wp\/v2\/users\/1"}],"replies":[{"embeddable":true,"href":"https:\/\/ufh24.tytschkowski-webdesign.de\/index.php?rest_route=%2Fwp%2Fv2%2Fcomments&post=20"}],"version-history":[{"count":3,"href":"https:\/\/ufh24.tytschkowski-webdesign.de\/index.php?rest_route=\/wp\/v2\/pages\/20\/revisions"}],"predecessor-version":[{"id":189,"href":"https:\/\/ufh24.tytschkowski-webdesign.de\/index.php?rest_route=\/wp\/v2\/pages\/20\/revisions\/189"}],"wp:attachment":[{"href":"https:\/\/ufh24.tytschkowski-webdesign.de\/index.php?rest_route=%2Fwp%2Fv2%2Fmedia&parent=20"}],"curies":[{"name":"wp","href":"https:\/\/api.w.org\/{rel}","templated":true}]}}