{"id":4,"date":"2013-11-14T07:05:26","date_gmt":"2013-11-14T07:05:26","guid":{"rendered":"http:\/\/www.usedomferienhaus24.de\/?page_id=4"},"modified":"2025-05-21T13:31:28","modified_gmt":"2025-05-21T13:31:28","slug":"property-search","status":"publish","type":"page","link":"https:\/\/ufh24.tytschkowski-webdesign.de\/?page_id=4","title":{"rendered":"Die Lage"},"content":{"rendered":"\n<p>Das Haus befindet sich am Ortsrand von Zinnowitz. Die ruhige Lage in Waldn\u00e4he bietet optimale Erholung. In nur 10 Minuten Fu\u00dfweg erreichen Sie den Badestrand durch den K\u00fcstenschutzwald. Ins Zentrum des Ostseebades gelangt man in 10-15 Minuten. In unmittelbarer N\u00e4he des Hauses befinden sich ein Discounter, eine Fahrradverleih und zwei Restaurants.<\/p>\n\n\n\n<p><\/p>\n\n\n\n<figure class=\"wp-block-gallery aligncenter has-nested-images columns-default is-cropped wp-block-gallery-1 is-layout-flex wp-block-gallery-is-layout-flex\">\n<figure class=\"wp-block-image size-full\"><img loading=\"lazy\" decoding=\"async\" width=\"920\" height=\"690\" data-id=\"14\" src=\"https:\/\/ufh24.tytschkowski-webdesign.de\/wp-content\/uploads\/2013\/11\/IMG_1042.jpg\" alt=\"\" class=\"wp-image-14\" srcset=\"https:\/\/ufh24.tytschkowski-webdesign.de\/wp-content\/uploads\/2013\/11\/IMG_1042.jpg 920w, https:\/\/ufh24.tytschkowski-webdesign.de\/wp-content\/uploads\/2013\/11\/IMG_1042-300x225.jpg 300w, https:\/\/ufh24.tytschkowski-webdesign.de\/wp-content\/uploads\/2013\/11\/IMG_1042-624x468.jpg 624w\" sizes=\"auto, (max-width: 920px) 100vw, 920px\" \/><\/figure>\n\n\n\n<figure class=\"wp-block-image size-full\"><img loading=\"lazy\" decoding=\"async\" width=\"960\" height=\"720\" data-id=\"15\" src=\"https:\/\/ufh24.tytschkowski-webdesign.de\/wp-content\/uploads\/2013\/11\/IMG_1052.jpg\" alt=\"\" class=\"wp-image-15\" srcset=\"https:\/\/ufh24.tytschkowski-webdesign.de\/wp-content\/uploads\/2013\/11\/IMG_1052.jpg 960w, https:\/\/ufh24.tytschkowski-webdesign.de\/wp-content\/uploads\/2013\/11\/IMG_1052-300x225.jpg 300w, https:\/\/ufh24.tytschkowski-webdesign.de\/wp-content\/uploads\/2013\/11\/IMG_1052-624x468.jpg 624w\" sizes=\"auto, (max-width: 960px) 100vw, 960px\" \/><\/figure>\n<\/figure>\n\n\n\n<p><\/p>\n","protected":false},"excerpt":{"rendered":"<p>Das Haus befindet sich am Ortsrand von Zinnowitz. Die ruhige Lage in Waldn\u00e4he bietet optimale Erholung. In nur 10 Minuten Fu\u00dfweg erreichen Sie den Badestrand durch den K\u00fcstenschutzwald. Ins Zentrum des Ostseebades gelangt man in 10-15 Minuten. In unmittelbarer N\u00e4he &hellip; <a href=\"https:\/\/ufh24.tytschkowski-webdesign.de\/?page_id=4\">Weiter<\/a><\/p>\n","protected":false},"author":1,"featured_media":0,"parent":0,"menu_order":2,"comment_status":"closed","ping_status":"closed","template":"page-fullwidth.php","meta":{"ngg_post_thumbnail":0,"footnotes":""},"class_list":["post-4","page","type-page","status-publish","hentry"],"_links":{"self":[{"href":"https:\/\/ufh24.tytschkowski-webdesign.de\/index.php?rest_route=\/wp\/v2\/pages\/4","targetHints":{"allow":["GET"]}}],"collection":[{"href":"https:\/\/ufh24.tytschkowski-webdesign.de\/index.php?rest_route=\/wp\/v2\/pages"}],"about":[{"href":"https:\/\/ufh24.tytschkowski-webdesign.de\/index.php?rest_route=\/wp\/v2\/types\/page"}],"author":[{"embeddable":true,"href":"https:\/\/ufh24.tytschkowski-webdesign.de\/index.php?rest_route=\/wp\/v2\/users\/1"}],"replies":[{"embeddable":true,"href":"https:\/\/ufh24.tytschkowski-webdesign.de\/index.php?rest_route=%2Fwp%2Fv2%2Fcomments&post=4"}],"version-history":[{"count":8,"href":"https:\/\/ufh24.tytschkowski-webdesign.de\/index.php?rest_route=\/wp\/v2\/pages\/4\/revisions"}],"predecessor-version":[{"id":215,"href":"https:\/\/ufh24.tytschkowski-webdesign.de\/index.php?rest_route=\/wp\/v2\/pages\/4\/revisions\/215"}],"wp:attachment":[{"href":"https:\/\/ufh24.tytschkowski-webdesign.de\/index.php?rest_route=%2Fwp%2Fv2%2Fmedia&parent=4"}],"curies":[{"name":"wp","href":"https:\/\/api.w.org\/{rel}","templated":true}]}}