{"id":8,"date":"2013-11-15T03:31:15","date_gmt":"2013-11-15T03:31:15","guid":{"rendered":"http:\/\/www.usedomferienhaus24.de\/?page_id=8"},"modified":"2025-05-21T03:25:05","modified_gmt":"2025-05-21T03:25:05","slug":"anfahrt","status":"publish","type":"page","link":"https:\/\/ufh24.tytschkowski-webdesign.de\/?page_id=8","title":{"rendered":"Anfahrt"},"content":{"rendered":"\n<p>Die Anreise erfolgt \u00fcber die B111. Dort links in den Ort Zinnowitz auf den M\u00f6skenweg abbiegen.<\/p>\n\n\n\n<p>Im Kreisverkehr die zweite Ausfahrt der &#8222;neuen Strandstra\u00dfe&#8220; bis zum Bahnhof folgen.<\/p>\n\n\n\n<p>Vor den Schienen rechts auf die Stra\u00dfe &#8222;Am Bahnhof&#8220; abbiegen.<\/p>\n\n\n\n<p>Dieser Stra\u00dfe ca. 800m n\u00f6rdlich bis zum Skanepark folgen<\/p>\n\n\n\n<p>Die Stra\u00dfe m\u00fcndet in den Sankt Marien Weg.<\/p>\n\n\n\n<p>Auf der rechten Seite finden Sie dann die Einfahrt zum Skanepark.<\/p>\n\n\n\n<p><iframe loading=\"lazy\" src=\"https:\/\/maps.google.de\/maps?q=54.07932,13.895105&amp;num=1&amp;ie=UTF8&amp;t=m&amp;ll=54.081498,13.897276&amp;spn=0.01007,0.025749&amp;z=15&amp;output=embed\" width=\"600\" height=\"400\" frameborder=\"0\" marginwidth=\"0\" marginheight=\"0\" scrolling=\"no\"><\/iframe><br><small><a style=\"color: #0000ff; text-align: left;\" href=\"https:\/\/maps.google.de\/maps?q=54.07932,13.895105&amp;num=1&amp;ie=UTF8&amp;t=m&amp;ll=54.081498,13.897276&amp;spn=0.01007,0.025749&amp;z=15&amp;source=embed\">Gr\u00f6\u00dfere Kartenansicht<\/a><\/small><\/p>\n","protected":false},"excerpt":{"rendered":"<p>Die Anreise erfolgt \u00fcber die B111. Dort links in den Ort Zinnowitz auf den M\u00f6skenweg abbiegen. Im Kreisverkehr die zweite Ausfahrt der &#8222;neuen Strandstra\u00dfe&#8220; bis zum Bahnhof folgen. Vor den Schienen rechts auf die Stra\u00dfe &#8222;Am Bahnhof&#8220; abbiegen. Dieser Stra\u00dfe &hellip; <a href=\"https:\/\/ufh24.tytschkowski-webdesign.de\/?page_id=8\">Weiter<\/a><\/p>\n","protected":false},"author":1,"featured_media":0,"parent":0,"menu_order":8,"comment_status":"closed","ping_status":"closed","template":"page-fullwidth.php","meta":{"ngg_post_thumbnail":0,"footnotes":""},"class_list":["post-8","page","type-page","status-publish","hentry"],"_links":{"self":[{"href":"https:\/\/ufh24.tytschkowski-webdesign.de\/index.php?rest_route=\/wp\/v2\/pages\/8","targetHints":{"allow":["GET"]}}],"collection":[{"href":"https:\/\/ufh24.tytschkowski-webdesign.de\/index.php?rest_route=\/wp\/v2\/pages"}],"about":[{"href":"https:\/\/ufh24.tytschkowski-webdesign.de\/index.php?rest_route=\/wp\/v2\/types\/page"}],"author":[{"embeddable":true,"href":"https:\/\/ufh24.tytschkowski-webdesign.de\/index.php?rest_route=\/wp\/v2\/users\/1"}],"replies":[{"embeddable":true,"href":"https:\/\/ufh24.tytschkowski-webdesign.de\/index.php?rest_route=%2Fwp%2Fv2%2Fcomments&post=8"}],"version-history":[{"count":4,"href":"https:\/\/ufh24.tytschkowski-webdesign.de\/index.php?rest_route=\/wp\/v2\/pages\/8\/revisions"}],"predecessor-version":[{"id":194,"href":"https:\/\/ufh24.tytschkowski-webdesign.de\/index.php?rest_route=\/wp\/v2\/pages\/8\/revisions\/194"}],"wp:attachment":[{"href":"https:\/\/ufh24.tytschkowski-webdesign.de\/index.php?rest_route=%2Fwp%2Fv2%2Fmedia&parent=8"}],"curies":[{"name":"wp","href":"https:\/\/api.w.org\/{rel}","templated":true}]}}